{"id":4642,"date":"2025-01-08T09:01:44","date_gmt":"2025-01-08T15:01:44","guid":{"rendered":"https:\/\/grupoprecon.com\/?page_id=4642"},"modified":"2025-01-30T15:29:49","modified_gmt":"2025-01-30T21:29:49","slug":"reclutamiento","status":"publish","type":"page","link":"https:\/\/grupoprecon.com\/en\/reclutamiento\/","title":{"rendered":"Reclutamiento"},"content":{"rendered":"<div data-elementor-type=\"wp-page\" data-elementor-id=\"4642\" class=\"elementor elementor-4642\" data-elementor-post-type=\"page\">\n\t\t\t\t\t\t<section class=\"elementor-section elementor-top-section elementor-element elementor-element-d6c6ca8 elementor-section-full_width elementor-section-height-min-height elementor-section-content-middle elementor-section-height-default elementor-section-items-middle\" data-id=\"d6c6ca8\" data-element_type=\"section\" data-settings=\"{&quot;background_background&quot;:&quot;classic&quot;,&quot;sticky&quot;:&quot;top&quot;,&quot;sticky_effects_offset&quot;:100,&quot;sticky_on&quot;:[&quot;desktop&quot;,&quot;laptop&quot;,&quot;tablet_extra&quot;,&quot;tablet&quot;,&quot;mobile&quot;],&quot;sticky_offset&quot;:0,&quot;sticky_anchor_link_offset&quot;:0}\">\n\t\t\t\t\t\t<div class=\"elementor-container elementor-column-gap-default\">\n\t\t\t\t\t<div class=\"elementor-column elementor-col-50 elementor-top-column elementor-element elementor-element-cc4d878\" data-id=\"cc4d878\" data-element_type=\"column\">\n\t\t\t<div class=\"elementor-widget-wrap elementor-element-populated\">\n\t\t\t\t\t\t<div class=\"elementor-element elementor-element-982b510 elementor-widget-laptop__width-initial elementor-widget elementor-widget-image\" data-id=\"982b510\" data-element_type=\"widget\" data-widget_type=\"image.default\">\n\t\t\t\t<div class=\"elementor-widget-container\">\n\t\t\t\t\t\t\t\t\t\t\t\t\t\t\t\t<a href=\"https:\/\/grupoprecon.com\/en\">\n\t\t\t\t\t\t\t<img fetchpriority=\"high\" decoding=\"async\" width=\"8334\" height=\"4175\" src=\"https:\/\/grupoprecon.com\/wp-content\/uploads\/2024\/10\/Grupo-PreCon-Blanco.png\" class=\"attachment-full size-full wp-image-3516\" alt=\"Grupo PreCon Blanco\" srcset=\"https:\/\/grupoprecon.com\/wp-content\/uploads\/2024\/10\/Grupo-PreCon-Blanco.png 8334w, https:\/\/grupoprecon.com\/wp-content\/uploads\/2024\/10\/Grupo-PreCon-Blanco-300x150.png 300w, https:\/\/grupoprecon.com\/wp-content\/uploads\/2024\/10\/Grupo-PreCon-Blanco-1024x513.png 1024w, https:\/\/grupoprecon.com\/wp-content\/uploads\/2024\/10\/Grupo-PreCon-Blanco-768x385.png 768w, https:\/\/grupoprecon.com\/wp-content\/uploads\/2024\/10\/Grupo-PreCon-Blanco-1536x769.png 1536w, https:\/\/grupoprecon.com\/wp-content\/uploads\/2024\/10\/Grupo-PreCon-Blanco-2048x1026.png 2048w\" sizes=\"(max-width: 8334px) 100vw, 8334px\" \/>\t\t\t\t\t\t\t\t<\/a>\n\t\t\t\t\t\t\t\t\t\t\t\t\t\t\t<\/div>\n\t\t\t\t<\/div>\n\t\t\t\t\t<\/div>\n\t\t<\/div>\n\t\t\t\t<div class=\"elementor-column elementor-col-50 elementor-top-column elementor-element elementor-element-d276230 elementor-hidden-mobile elementor-hidden-tablet\" data-id=\"d276230\" data-element_type=\"column\">\n\t\t\t<div class=\"elementor-widget-wrap elementor-element-populated\">\n\t\t\t\t\t\t<div class=\"elementor-element elementor-element-ea85594 elementor-nav-menu__align-end elementor-widget__width-inherit elementor-widget-laptop__width-initial elementor-nav-menu--dropdown-tablet elementor-nav-menu__text-align-aside elementor-nav-menu--toggle elementor-nav-menu--burger elementor-widget elementor-widget-nav-menu\" data-id=\"ea85594\" data-element_type=\"widget\" data-settings=\"{&quot;layout&quot;:&quot;horizontal&quot;,&quot;submenu_icon&quot;:{&quot;value&quot;:&quot;&lt;i class=\\&quot;fas fa-caret-down\\&quot;&gt;&lt;\\\/i&gt;&quot;,&quot;library&quot;:&quot;fa-solid&quot;},&quot;toggle&quot;:&quot;burger&quot;}\" data-widget_type=\"nav-menu.default\">\n\t\t\t\t<div class=\"elementor-widget-container\">\n\t\t\t\t\t\t\t\t<nav aria-label=\"Men\u00fa\" class=\"elementor-nav-menu--main elementor-nav-menu__container elementor-nav-menu--layout-horizontal e--pointer-underline e--animation-fade\">\n\t\t\t\t<ul id=\"menu-1-ea85594\" class=\"elementor-nav-menu\"><li class=\"menu-item menu-item-type-custom menu-item-object-custom menu-item-3523\"><a href=\"https:\/\/grupoprecon.com\/en\/#inicio\" class=\"elementor-item elementor-item-anchor\">Home<\/a><\/li>\n<li class=\"menu-item menu-item-type-custom menu-item-object-custom menu-item-3524\"><a href=\"https:\/\/grupoprecon.com\/en\/#nosotros\" class=\"elementor-item elementor-item-anchor\">ABOUT US<\/a><\/li>\n<li class=\"menu-item menu-item-type-custom menu-item-object-custom menu-item-3525\"><a href=\"https:\/\/grupoprecon.com\/en\/#empresas\" class=\"elementor-item elementor-item-anchor\">COMPANIES<\/a><\/li>\n<li class=\"menu-item menu-item-type-custom menu-item-object-custom menu-item-3527\"><a href=\"https:\/\/grupoprecon.com\/en\/#noticias\" class=\"elementor-item elementor-item-anchor\">PRECONEWS<\/a><\/li>\n<li class=\"menu-item menu-item-type-custom menu-item-object-custom menu-item-3528\"><a href=\"https:\/\/grupoprecon.com\/en\/#contacto\" class=\"elementor-item elementor-item-anchor\">CONTACT<\/a><\/li>\n<\/ul>\t\t\t<\/nav>\n\t\t\t\t\t<div class=\"elementor-menu-toggle\" role=\"button\" tabindex=\"0\" aria-label=\"Menu Toggle\" aria-expanded=\"false\">\n\t\t\t<i aria-hidden=\"true\" role=\"presentation\" class=\"elementor-menu-toggle__icon--open eicon-menu-bar\"><\/i><i aria-hidden=\"true\" role=\"presentation\" class=\"elementor-menu-toggle__icon--close eicon-close\"><\/i>\t\t<\/div>\n\t\t\t\t\t<nav class=\"elementor-nav-menu--dropdown elementor-nav-menu__container\" aria-hidden=\"true\">\n\t\t\t\t<ul id=\"menu-2-ea85594\" class=\"elementor-nav-menu\"><li class=\"menu-item menu-item-type-custom menu-item-object-custom menu-item-3523\"><a href=\"https:\/\/grupoprecon.com\/en\/#inicio\" class=\"elementor-item elementor-item-anchor\" tabindex=\"-1\">Home<\/a><\/li>\n<li class=\"menu-item menu-item-type-custom menu-item-object-custom menu-item-3524\"><a href=\"https:\/\/grupoprecon.com\/en\/#nosotros\" class=\"elementor-item elementor-item-anchor\" tabindex=\"-1\">ABOUT US<\/a><\/li>\n<li class=\"menu-item menu-item-type-custom menu-item-object-custom menu-item-3525\"><a href=\"https:\/\/grupoprecon.com\/en\/#empresas\" class=\"elementor-item elementor-item-anchor\" tabindex=\"-1\">COMPANIES<\/a><\/li>\n<li class=\"menu-item menu-item-type-custom menu-item-object-custom menu-item-3527\"><a href=\"https:\/\/grupoprecon.com\/en\/#noticias\" class=\"elementor-item elementor-item-anchor\" tabindex=\"-1\">PRECONEWS<\/a><\/li>\n<li class=\"menu-item menu-item-type-custom menu-item-object-custom menu-item-3528\"><a href=\"https:\/\/grupoprecon.com\/en\/#contacto\" class=\"elementor-item elementor-item-anchor\" tabindex=\"-1\">CONTACT<\/a><\/li>\n<\/ul>\t\t\t<\/nav>\n\t\t\t\t\t\t<\/div>\n\t\t\t\t<\/div>\n\t\t\t\t\t<\/div>\n\t\t<\/div>\n\t\t\t\t\t<\/div>\n\t\t<\/section>\n\t\t\t\t<section class=\"elementor-section elementor-top-section elementor-element elementor-element-219ee6c8 elementor-section-height-min-height elementor-section-boxed elementor-section-height-default elementor-section-items-middle\" data-id=\"219ee6c8\" data-element_type=\"section\" data-settings=\"{&quot;background_background&quot;:&quot;classic&quot;}\">\n\t\t\t\t\t\t\t<div class=\"elementor-background-overlay\"><\/div>\n\t\t\t\t\t\t\t<div class=\"elementor-container elementor-column-gap-default\">\n\t\t\t\t\t<div class=\"elementor-column elementor-col-100 elementor-top-column elementor-element elementor-element-68890ef6\" data-id=\"68890ef6\" data-element_type=\"column\">\n\t\t\t<div class=\"elementor-widget-wrap elementor-element-populated\">\n\t\t\t\t\t\t<div class=\"elementor-element elementor-element-51b38143 elementor-widget elementor-widget-heading\" data-id=\"51b38143\" data-element_type=\"widget\" data-widget_type=\"heading.default\">\n\t\t\t\t<div class=\"elementor-widget-container\">\n\t\t\t\t\t<h3 class=\"elementor-heading-title elementor-size-default\">Your next job is just a form away.<\/h3>\t\t\t\t<\/div>\n\t\t\t\t<\/div>\n\t\t\t\t<div class=\"elementor-element elementor-element-12e9ae9a elementor-widget-mobile__width-inherit elementor-widget elementor-widget-heading\" data-id=\"12e9ae9a\" data-element_type=\"widget\" data-widget_type=\"heading.default\">\n\t\t\t\t<div class=\"elementor-widget-container\">\n\t\t\t\t\t<h1 class=\"elementor-heading-title elementor-size-default\">Precon Group Jobs<\/h1>\t\t\t\t<\/div>\n\t\t\t\t<\/div>\n\t\t\t\t<section class=\"elementor-section elementor-inner-section elementor-element elementor-element-24ef735f elementor-section-content-middle elementor-section-boxed elementor-section-height-default elementor-section-height-default\" data-id=\"24ef735f\" data-element_type=\"section\">\n\t\t\t\t\t\t<div class=\"elementor-container elementor-column-gap-default\">\n\t\t\t\t\t<div class=\"elementor-column elementor-col-33 elementor-inner-column elementor-element elementor-element-01874e6\" data-id=\"01874e6\" data-element_type=\"column\" data-settings=\"{&quot;background_background&quot;:&quot;classic&quot;}\">\n\t\t\t<div class=\"elementor-widget-wrap elementor-element-populated\">\n\t\t\t\t\t\t<div class=\"elementor-element elementor-element-311c2e1 elementor-cta--skin-cover elementor-cta--valign-middle elementor-bg-transform elementor-bg-transform-zoom-out elementor-widget-mobile__width-initial elementor-animated-content elementor-widget elementor-widget-call-to-action\" data-id=\"311c2e1\" data-element_type=\"widget\" data-widget_type=\"call-to-action.default\">\n\t\t\t\t<div class=\"elementor-widget-container\">\n\t\t\t\t\t\t\t<a class=\"elementor-cta\" href=\"https:\/\/grupoprecon.com\/en\/reclutamiento-guatemala\/\" target=\"_blank\">\n\t\t\t\t\t<div class=\"elementor-cta__bg-wrapper\">\n\t\t\t\t<div class=\"elementor-cta__bg elementor-bg\" style=\"background-image: url();\" role=\"img\" aria-label=\"\"><\/div>\n\t\t\t\t<div class=\"elementor-cta__bg-overlay\"><\/div>\n\t\t\t<\/div>\n\t\t\t\t\t\t\t<div class=\"elementor-cta__content\">\n\t\t\t\t\t\t\t\t\t<div class=\"elementor-content-item elementor-cta__content-item elementor-cta__image elementor-animated-item--grow\">\n\t\t\t\t\t\t<img decoding=\"async\" width=\"200\" height=\"150\" src=\"https:\/\/grupoprecon.com\/wp-content\/uploads\/2025\/01\/flag-1-guate-precon.png\" class=\"attachment-full size-full wp-image-4994\" alt=\"flag 1 guate precon\" srcset=\"https:\/\/grupoprecon.com\/wp-content\/uploads\/2025\/01\/flag-1-guate-precon.png 200w, https:\/\/grupoprecon.com\/wp-content\/uploads\/2025\/01\/flag-1-guate-precon-16x12.png 16w\" sizes=\"(max-width: 200px) 100vw, 200px\" \/>\t\t\t\t\t<\/div>\n\t\t\t\t\n\t\t\t\t\n\t\t\t\t\n\t\t\t\t\t\t\t<\/div>\n\t\t\t\t\t\t<\/a>\n\t\t\t\t\t\t<\/div>\n\t\t\t\t<\/div>\n\t\t\t\t\t<\/div>\n\t\t<\/div>\n\t\t\t\t<div class=\"elementor-column elementor-col-33 elementor-inner-column elementor-element elementor-element-2bc818ea\" data-id=\"2bc818ea\" data-element_type=\"column\">\n\t\t\t<div class=\"elementor-widget-wrap elementor-element-populated\">\n\t\t\t\t\t\t<div class=\"elementor-element elementor-element-4d0147cc elementor-cta--skin-cover elementor-bg-transform elementor-bg-transform-zoom-out elementor-widget-mobile__width-initial elementor-animated-content elementor-widget elementor-widget-call-to-action\" data-id=\"4d0147cc\" data-element_type=\"widget\" data-widget_type=\"call-to-action.default\">\n\t\t\t\t<div class=\"elementor-widget-container\">\n\t\t\t\t\t\t\t<a class=\"elementor-cta\" href=\"https:\/\/grupoprecon.com\/en\/reclutamiento-el-salvador\/\" target=\"_blank\">\n\t\t\t\t\t<div class=\"elementor-cta__bg-wrapper\">\n\t\t\t\t<div class=\"elementor-cta__bg elementor-bg\" style=\"background-image: url();\" role=\"img\" aria-label=\"El Salvador Grupo Precon\"><\/div>\n\t\t\t\t<div class=\"elementor-cta__bg-overlay\"><\/div>\n\t\t\t<\/div>\n\t\t\t\t\t\t\t<div class=\"elementor-cta__content\">\n\t\t\t\t\t\t\t\t\t<div class=\"elementor-content-item elementor-cta__content-item elementor-cta__image elementor-animated-item--grow\">\n\t\t\t\t\t\t<img decoding=\"async\" width=\"200\" height=\"150\" src=\"https:\/\/grupoprecon.com\/wp-content\/uploads\/2025\/01\/flag-1-el-salvador-precon.png\" class=\"attachment-full size-full wp-image-4995\" alt=\"flag 1 el salvador precon\" srcset=\"https:\/\/grupoprecon.com\/wp-content\/uploads\/2025\/01\/flag-1-el-salvador-precon.png 200w, https:\/\/grupoprecon.com\/wp-content\/uploads\/2025\/01\/flag-1-el-salvador-precon-16x12.png 16w\" sizes=\"(max-width: 200px) 100vw, 200px\" \/>\t\t\t\t\t<\/div>\n\t\t\t\t\n\t\t\t\t\n\t\t\t\t\n\t\t\t\t\t\t\t<\/div>\n\t\t\t\t\t\t<\/a>\n\t\t\t\t\t\t<\/div>\n\t\t\t\t<\/div>\n\t\t\t\t\t<\/div>\n\t\t<\/div>\n\t\t\t\t<div class=\"elementor-column elementor-col-33 elementor-inner-column elementor-element elementor-element-3300a9f2\" data-id=\"3300a9f2\" data-element_type=\"column\">\n\t\t\t<div class=\"elementor-widget-wrap elementor-element-populated\">\n\t\t\t\t\t\t<div class=\"elementor-element elementor-element-c102ef9 elementor-cta--skin-cover elementor-bg-transform elementor-bg-transform-zoom-out elementor-cta--valign-middle elementor-widget-mobile__width-initial elementor-animated-content elementor-widget elementor-widget-call-to-action\" data-id=\"c102ef9\" data-element_type=\"widget\" data-widget_type=\"call-to-action.default\">\n\t\t\t\t<div class=\"elementor-widget-container\">\n\t\t\t\t\t\t\t<a class=\"elementor-cta\" href=\"https:\/\/grupoprecon.com\/en\/reclutamiento-honduras\/\" target=\"_blank\">\n\t\t\t\t\t<div class=\"elementor-cta__bg-wrapper\">\n\t\t\t\t<div class=\"elementor-cta__bg elementor-bg\" style=\"background-image: url();\" role=\"img\" aria-label=\"Honduras Grupo Precon\"><\/div>\n\t\t\t\t<div class=\"elementor-cta__bg-overlay\"><\/div>\n\t\t\t<\/div>\n\t\t\t\t\t\t\t<div class=\"elementor-cta__content\">\n\t\t\t\t\t\t\t\t\t<div class=\"elementor-content-item elementor-cta__content-item elementor-cta__image elementor-animated-item--grow\">\n\t\t\t\t\t\t<img loading=\"lazy\" decoding=\"async\" width=\"200\" height=\"150\" src=\"https:\/\/grupoprecon.com\/wp-content\/uploads\/2025\/01\/flag-1-honduras.png\" class=\"attachment-full size-full wp-image-4996\" alt=\"\" srcset=\"https:\/\/grupoprecon.com\/wp-content\/uploads\/2025\/01\/flag-1-honduras.png 200w, https:\/\/grupoprecon.com\/wp-content\/uploads\/2025\/01\/flag-1-honduras-16x12.png 16w\" sizes=\"(max-width: 200px) 100vw, 200px\" \/>\t\t\t\t\t<\/div>\n\t\t\t\t\n\t\t\t\t\n\t\t\t\t\n\t\t\t\t\t\t\t<\/div>\n\t\t\t\t\t\t<\/a>\n\t\t\t\t\t\t<\/div>\n\t\t\t\t<\/div>\n\t\t\t\t\t<\/div>\n\t\t<\/div>\n\t\t\t\t\t<\/div>\n\t\t<\/section>\n\t\t\t\t\t<\/div>\n\t\t<\/div>\n\t\t\t\t\t<\/div>\n\t\t<\/section>\n\t\t\t\t<section class=\"elementor-section elementor-top-section elementor-element elementor-element-ce991e0 elementor-section-boxed elementor-section-height-default elementor-section-height-default\" data-id=\"ce991e0\" data-element_type=\"section\" data-settings=\"{&quot;background_background&quot;:&quot;classic&quot;}\">\n\t\t\t\t\t\t\t<div class=\"elementor-background-overlay\"><\/div>\n\t\t\t\t\t\t\t<div class=\"elementor-container elementor-column-gap-default\">\n\t\t\t\t\t<div class=\"elementor-column elementor-col-100 elementor-top-column elementor-element elementor-element-fc749ca\" data-id=\"fc749ca\" data-element_type=\"column\">\n\t\t\t<div class=\"elementor-widget-wrap elementor-element-populated\">\n\t\t\t\t\t\t<div class=\"elementor-element elementor-element-9b869d5 elementor-widget elementor-widget-text-editor\" data-id=\"9b869d5\" data-element_type=\"widget\" data-widget_type=\"text-editor.default\">\n\t\t\t\t<div class=\"elementor-widget-container\">\n\t\t\t\t\t\t\t\t\t<p>Discover the opportunities we have for you and be part of our growth. Your next big career step could be here!<\/p>\t\t\t\t\t\t\t\t<\/div>\n\t\t\t\t<\/div>\n\t\t\t\t<div class=\"elementor-element elementor-element-69d2101 elementor-widget elementor-widget-text-editor\" data-id=\"69d2101\" data-element_type=\"widget\" data-widget_type=\"text-editor.default\">\n\t\t\t\t<div class=\"elementor-widget-container\">\n\t\t\t\t\t\t\t\t\t<p>LUN-VIE 8:30 AM &#8211; 05:00 PM<\/p>\t\t\t\t\t\t\t\t<\/div>\n\t\t\t\t<\/div>\n\t\t\t\t<div class=\"elementor-element elementor-element-5d230d5 elementor-align-center elementor-mobile-align-justify elementor-widget elementor-widget-button\" data-id=\"5d230d5\" data-element_type=\"widget\" data-widget_type=\"button.default\">\n\t\t\t\t<div class=\"elementor-widget-container\">\n\t\t\t\t\t\t\t\t\t<div class=\"elementor-button-wrapper\">\n\t\t\t\t\t<a class=\"elementor-button elementor-button-link elementor-size-xl\" href=\"tel:+50230585304\" target=\"_blank\">\n\t\t\t\t\t\t<span class=\"elementor-button-content-wrapper\">\n\t\t\t\t\t\t<span class=\"elementor-button-icon\">\n\t\t\t\t<i aria-hidden=\"true\" class=\"fas fa-phone-alt\"><\/i>\t\t\t<\/span>\n\t\t\t\t\t\t\t\t\t<span class=\"elementor-button-text\">+(502) 3058-5304<\/span>\n\t\t\t\t\t<\/span>\n\t\t\t\t\t<\/a>\n\t\t\t\t<\/div>\n\t\t\t\t\t\t\t\t<\/div>\n\t\t\t\t<\/div>\n\t\t\t\t\t<\/div>\n\t\t<\/div>\n\t\t\t\t\t<\/div>\n\t\t<\/section>\n\t\t\t\t<\/div>","protected":false},"excerpt":{"rendered":"<p>Tu pr\u00f3ximo empleo est\u00e1 a un formulario de distancia. Empleos Grupo Precon Descubre las oportunidades que tenemos para ti y s\u00e9 parte de nuestro crecimiento. \u00a1Tu pr\u00f3ximo gran paso profesional podr\u00eda estar aqu\u00ed! LUN-VIE 8:30 AM &#8211; 05:00 PM +(502) 3058-5304<\/p>","protected":false},"author":2,"featured_media":0,"parent":0,"menu_order":0,"comment_status":"closed","ping_status":"closed","template":"elementor_canvas","meta":{"_acf_changed":false,"footnotes":""},"class_list":["post-4642","page","type-page","status-publish","hentry"],"acf":[],"yoast_head":"<!-- This site is optimized with the Yoast SEO Premium plugin v23.7 (Yoast SEO v24.4) - https:\/\/yoast.com\/wordpress\/plugins\/seo\/ -->\n<title>Reclutamiento - Grupo Precon<\/title>\n<meta name=\"description\" content=\"Descubre nuestras vacantes disponibles y aplica f\u00e1cilmente. \u00a1Tu pr\u00f3ximo gran paso profesional te espera aqu\u00ed!\" \/>\n<meta name=\"robots\" content=\"index, follow, max-snippet:-1, max-image-preview:large, max-video-preview:-1\" \/>\n<link rel=\"canonical\" href=\"https:\/\/grupoprecon.com\/en\/reclutamiento\/\" \/>\n<meta property=\"og:locale\" content=\"en_US\" \/>\n<meta property=\"og:type\" content=\"article\" \/>\n<meta property=\"og:title\" content=\"Reclutamiento - Grupo Precon\" \/>\n<meta property=\"og:description\" content=\"Descubre nuestras vacantes disponibles y aplica f\u00e1cilmente. \u00a1Tu pr\u00f3ximo gran paso profesional te espera aqu\u00ed!\" \/>\n<meta property=\"og:url\" content=\"https:\/\/grupoprecon.com\/en\/reclutamiento\/\" \/>\n<meta property=\"og:site_name\" content=\"Grupo Precon\" \/>\n<meta property=\"article:modified_time\" content=\"2025-01-30T21:29:49+00:00\" \/>\n<meta property=\"og:image\" content=\"https:\/\/grupoprecon.com\/wp-content\/uploads\/2025\/01\/aplica-ahora-2025.jpg\" \/>\n\t<meta property=\"og:image:width\" content=\"1920\" \/>\n\t<meta property=\"og:image:height\" content=\"1080\" \/>\n\t<meta property=\"og:image:type\" content=\"image\/jpeg\" \/>\n<meta name=\"twitter:card\" content=\"summary_large_image\" \/>\n<meta name=\"twitter:title\" content=\"Reclutamiento - Grupo Precon\" \/>\n<meta name=\"twitter:description\" content=\"Descubre nuestras vacantes disponibles y aplica f\u00e1cilmente. \u00a1Tu pr\u00f3ximo gran paso profesional te espera aqu\u00ed!\" \/>\n<meta name=\"twitter:image\" content=\"https:\/\/grupoprecon.com\/wp-content\/uploads\/2025\/01\/aplica-ahora-2025.jpg\" \/>\n<meta name=\"twitter:label1\" content=\"Est. reading time\" \/>\n\t<meta name=\"twitter:data1\" content=\"2 minutes\" \/>\n<script type=\"application\/ld+json\" class=\"yoast-schema-graph\">{\"@context\":\"https:\/\/schema.org\",\"@graph\":[{\"@type\":\"WebPage\",\"@id\":\"https:\/\/grupoprecon.com\/reclutamiento\/\",\"url\":\"https:\/\/grupoprecon.com\/reclutamiento\/\",\"name\":\"Reclutamiento - Grupo Precon\",\"isPartOf\":{\"@id\":\"https:\/\/grupoprecon.com\/#website\"},\"primaryImageOfPage\":{\"@id\":\"https:\/\/grupoprecon.com\/reclutamiento\/#primaryimage\"},\"image\":{\"@id\":\"https:\/\/grupoprecon.com\/reclutamiento\/#primaryimage\"},\"thumbnailUrl\":\"https:\/\/grupoprecon.com\/wp-content\/uploads\/2024\/10\/Grupo-PreCon-Blanco.png\",\"datePublished\":\"2025-01-08T15:01:44+00:00\",\"dateModified\":\"2025-01-30T21:29:49+00:00\",\"description\":\"Descubre nuestras vacantes disponibles y aplica f\u00e1cilmente. \u00a1Tu pr\u00f3ximo gran paso profesional te espera aqu\u00ed!\",\"breadcrumb\":{\"@id\":\"https:\/\/grupoprecon.com\/reclutamiento\/#breadcrumb\"},\"inLanguage\":\"en-US\",\"potentialAction\":[{\"@type\":\"ReadAction\",\"target\":[\"https:\/\/grupoprecon.com\/reclutamiento\/\"]}]},{\"@type\":\"ImageObject\",\"inLanguage\":\"en-US\",\"@id\":\"https:\/\/grupoprecon.com\/reclutamiento\/#primaryimage\",\"url\":\"https:\/\/grupoprecon.com\/wp-content\/uploads\/2024\/10\/Grupo-PreCon-Blanco.png\",\"contentUrl\":\"https:\/\/grupoprecon.com\/wp-content\/uploads\/2024\/10\/Grupo-PreCon-Blanco.png\"},{\"@type\":\"BreadcrumbList\",\"@id\":\"https:\/\/grupoprecon.com\/reclutamiento\/#breadcrumb\",\"itemListElement\":[{\"@type\":\"ListItem\",\"position\":1,\"name\":\"Portada\",\"item\":\"https:\/\/grupoprecon.com\/\"},{\"@type\":\"ListItem\",\"position\":2,\"name\":\"Reclutamiento\"}]},{\"@type\":\"WebSite\",\"@id\":\"https:\/\/grupoprecon.com\/#website\",\"url\":\"https:\/\/grupoprecon.com\/\",\"name\":\"Grupo Precon\",\"description\":\"L\u00edder en Construcci\u00f3n en Guatemala\",\"publisher\":{\"@id\":\"https:\/\/grupoprecon.com\/#organization\"},\"potentialAction\":[{\"@type\":\"SearchAction\",\"target\":{\"@type\":\"EntryPoint\",\"urlTemplate\":\"https:\/\/grupoprecon.com\/?s={search_term_string}\"},\"query-input\":{\"@type\":\"PropertyValueSpecification\",\"valueRequired\":true,\"valueName\":\"search_term_string\"}}],\"inLanguage\":\"en-US\"},{\"@type\":\"Organization\",\"@id\":\"https:\/\/grupoprecon.com\/#organization\",\"name\":\"Grupo Precon\",\"url\":\"https:\/\/grupoprecon.com\/\",\"logo\":{\"@type\":\"ImageObject\",\"inLanguage\":\"en-US\",\"@id\":\"https:\/\/grupoprecon.com\/#\/schema\/logo\/image\/\",\"url\":\"https:\/\/grupoprecon.com\/wp-content\/uploads\/2023\/06\/logo-grupoprecon-web@2x.png\",\"contentUrl\":\"https:\/\/grupoprecon.com\/wp-content\/uploads\/2023\/06\/logo-grupoprecon-web@2x.png\",\"width\":400,\"height\":146,\"caption\":\"Grupo Precon\"},\"image\":{\"@id\":\"https:\/\/grupoprecon.com\/#\/schema\/logo\/image\/\"}}]}<\/script>\n<!-- \/ Yoast SEO Premium plugin. -->","yoast_head_json":{"title":"Reclutamiento - Grupo Precon","description":"Descubre nuestras vacantes disponibles y aplica f\u00e1cilmente. \u00a1Tu pr\u00f3ximo gran paso profesional te espera aqu\u00ed!","robots":{"index":"index","follow":"follow","max-snippet":"max-snippet:-1","max-image-preview":"max-image-preview:large","max-video-preview":"max-video-preview:-1"},"canonical":"https:\/\/grupoprecon.com\/en\/reclutamiento\/","og_locale":"en_US","og_type":"article","og_title":"Reclutamiento - Grupo Precon","og_description":"Descubre nuestras vacantes disponibles y aplica f\u00e1cilmente. \u00a1Tu pr\u00f3ximo gran paso profesional te espera aqu\u00ed!","og_url":"https:\/\/grupoprecon.com\/en\/reclutamiento\/","og_site_name":"Grupo Precon","article_modified_time":"2025-01-30T21:29:49+00:00","og_image":[{"width":1920,"height":1080,"url":"https:\/\/grupoprecon.com\/wp-content\/uploads\/2025\/01\/aplica-ahora-2025.jpg","type":"image\/jpeg"}],"twitter_card":"summary_large_image","twitter_title":"Reclutamiento - Grupo Precon","twitter_description":"Descubre nuestras vacantes disponibles y aplica f\u00e1cilmente. \u00a1Tu pr\u00f3ximo gran paso profesional te espera aqu\u00ed!","twitter_image":"https:\/\/grupoprecon.com\/wp-content\/uploads\/2025\/01\/aplica-ahora-2025.jpg","twitter_misc":{"Est. reading time":"2 minutes"},"schema":{"@context":"https:\/\/schema.org","@graph":[{"@type":"WebPage","@id":"https:\/\/grupoprecon.com\/reclutamiento\/","url":"https:\/\/grupoprecon.com\/reclutamiento\/","name":"Reclutamiento - Grupo Precon","isPartOf":{"@id":"https:\/\/grupoprecon.com\/#website"},"primaryImageOfPage":{"@id":"https:\/\/grupoprecon.com\/reclutamiento\/#primaryimage"},"image":{"@id":"https:\/\/grupoprecon.com\/reclutamiento\/#primaryimage"},"thumbnailUrl":"https:\/\/grupoprecon.com\/wp-content\/uploads\/2024\/10\/Grupo-PreCon-Blanco.png","datePublished":"2025-01-08T15:01:44+00:00","dateModified":"2025-01-30T21:29:49+00:00","description":"Descubre nuestras vacantes disponibles y aplica f\u00e1cilmente. \u00a1Tu pr\u00f3ximo gran paso profesional te espera aqu\u00ed!","breadcrumb":{"@id":"https:\/\/grupoprecon.com\/reclutamiento\/#breadcrumb"},"inLanguage":"en-US","potentialAction":[{"@type":"ReadAction","target":["https:\/\/grupoprecon.com\/reclutamiento\/"]}]},{"@type":"ImageObject","inLanguage":"en-US","@id":"https:\/\/grupoprecon.com\/reclutamiento\/#primaryimage","url":"https:\/\/grupoprecon.com\/wp-content\/uploads\/2024\/10\/Grupo-PreCon-Blanco.png","contentUrl":"https:\/\/grupoprecon.com\/wp-content\/uploads\/2024\/10\/Grupo-PreCon-Blanco.png"},{"@type":"BreadcrumbList","@id":"https:\/\/grupoprecon.com\/reclutamiento\/#breadcrumb","itemListElement":[{"@type":"ListItem","position":1,"name":"Portada","item":"https:\/\/grupoprecon.com\/"},{"@type":"ListItem","position":2,"name":"Reclutamiento"}]},{"@type":"WebSite","@id":"https:\/\/grupoprecon.com\/#website","url":"https:\/\/grupoprecon.com\/","name":"Grupo Precon","description":"L\u00edder en Construcci\u00f3n en Guatemala","publisher":{"@id":"https:\/\/grupoprecon.com\/#organization"},"potentialAction":[{"@type":"SearchAction","target":{"@type":"EntryPoint","urlTemplate":"https:\/\/grupoprecon.com\/?s={search_term_string}"},"query-input":{"@type":"PropertyValueSpecification","valueRequired":true,"valueName":"search_term_string"}}],"inLanguage":"en-US"},{"@type":"Organization","@id":"https:\/\/grupoprecon.com\/#organization","name":"Grupo Precon","url":"https:\/\/grupoprecon.com\/","logo":{"@type":"ImageObject","inLanguage":"en-US","@id":"https:\/\/grupoprecon.com\/#\/schema\/logo\/image\/","url":"https:\/\/grupoprecon.com\/wp-content\/uploads\/2023\/06\/logo-grupoprecon-web@2x.png","contentUrl":"https:\/\/grupoprecon.com\/wp-content\/uploads\/2023\/06\/logo-grupoprecon-web@2x.png","width":400,"height":146,"caption":"Grupo Precon"},"image":{"@id":"https:\/\/grupoprecon.com\/#\/schema\/logo\/image\/"}}]}},"_links":{"self":[{"href":"https:\/\/grupoprecon.com\/en\/wp-json\/wp\/v2\/pages\/4642","targetHints":{"allow":["GET"]}}],"collection":[{"href":"https:\/\/grupoprecon.com\/en\/wp-json\/wp\/v2\/pages"}],"about":[{"href":"https:\/\/grupoprecon.com\/en\/wp-json\/wp\/v2\/types\/page"}],"author":[{"embeddable":true,"href":"https:\/\/grupoprecon.com\/en\/wp-json\/wp\/v2\/users\/2"}],"replies":[{"embeddable":true,"href":"https:\/\/grupoprecon.com\/en\/wp-json\/wp\/v2\/comments?post=4642"}],"version-history":[{"count":273,"href":"https:\/\/grupoprecon.com\/en\/wp-json\/wp\/v2\/pages\/4642\/revisions"}],"predecessor-version":[{"id":5101,"href":"https:\/\/grupoprecon.com\/en\/wp-json\/wp\/v2\/pages\/4642\/revisions\/5101"}],"wp:attachment":[{"href":"https:\/\/grupoprecon.com\/en\/wp-json\/wp\/v2\/media?parent=4642"}],"curies":[{"name":"wp","href":"https:\/\/api.w.org\/{rel}","templated":true}]}}